{"id":1066,"date":"2022-08-07T21:50:55","date_gmt":"2022-08-07T21:50:55","guid":{"rendered":"https:\/\/www.gheyf.com.mx\/?page_id=1066"},"modified":"2025-08-06T00:56:57","modified_gmt":"2025-08-06T00:56:57","slug":"home","status":"publish","type":"page","link":"https:\/\/www.gheyf.com.mx\/en\/","title":{"rendered":"Inicio"},"content":{"rendered":"<p>[et_pb_section fb_built=&#8221;1&#8243; fullwidth=&#8221;on&#8221; _builder_version=&#8221;4.14.9&#8243; _module_preset=&#8221;default&#8221; background_color_gradient_start=&#8221;rgba(255,255,255,0.55)&#8221; background_color_gradient_end=&#8221;rgba(255,255,255,0.55)&#8221; background_color_gradient_direction=&#8221;360deg&#8221; background_image=&#8221;https:\/\/www.gheyf.com.mx\/wp-content\/uploads\/2022\/06\/la-mexicana.jpg&#8221; parallax=&#8221;on&#8221; width=&#8221;100%&#8221; min_height=&#8221;100vh&#8221; sticky_position=&#8221;top&#8221; global_colors_info=&#8221;{}&#8221;][et_pb_fullwidth_menu menu_id=&#8221;12&#8243; fullwidth_menu=&#8221;off&#8221; active_link_color=&#8221;#f3bc33&#8243; dropdown_menu_bg_color=&#8221;#FFFFFF&#8221; dropdown_menu_line_color=&#8221;#F3BC33&#8243; dropdown_menu_text_color=&#8221;#000000&#8243; dropdown_menu_active_link_color=&#8221;#F3BC33&#8243; mobile_menu_bg_color=&#8221;#FFFFFF&#8221; mobile_menu_text_color=&#8221;#000000&#8243; logo=&#8221;https:\/\/www.gheyf.com.mx\/wp-content\/uploads\/2022\/05\/Copia-de-GHEYF3.png&#8221; logo_url=&#8221;https:\/\/www.gheyf.com.mx\/home&#8221; logo_width=&#8221;160px&#8221; cart_icon_color=&#8221;RGBA(255,255,255,0)&#8221; search_icon_color=&#8221;RGBA(255,255,255,0)&#8221; menu_icon_color=&#8221;#000000&#8243; _builder_version=&#8221;4.14.9&#8243; _module_preset=&#8221;default&#8221; menu_text_color=&#8221;#FFFFFF&#8221; menu_font_size=&#8221;19px&#8221; background_color=&#8221;#F3BC33&#8243; background_color_gradient_start=&#8221;#848482&#8243; background_color_gradient_end=&#8221;rgba(0,0,0,0.51)&#8221; background_color_gradient_direction=&#8221;115deg&#8221; text_orientation=&#8221;right&#8221; module_alignment=&#8221;center&#8221; custom_padding=&#8221;|40px|||false|false&#8221; global_colors_info=&#8221;{}&#8221;][\/et_pb_fullwidth_menu][et_pb_fullwidth_header title=&#8221;Queremos ser tus Socios Fiscales,\u00a0 \u00a0 \u00a0 \u00a0 \u00a0 \u00a0 \u00a0 \u00a0 \u00a0Comp\u00e1rtenos tus necesidades y te ofrecemos la soluci\u00f3n adecuada, encuentra por qu\u00e9\u2026..&#8221; header_fullscreen=&#8221;on&#8221; _builder_version=&#8221;4.14.9&#8243; _module_preset=&#8221;default&#8221; title_text_align=&#8221;right&#8221; title_text_color=&#8221;#FFFFFF&#8221; title_font_size=&#8221;42px&#8221; content_font=&#8221;||||||||&#8221; content_text_align=&#8221;left&#8221; content_text_color=&#8221;#000000&#8243; content_font_size=&#8221;20px&#8221; content_letter_spacing=&#8221;1px&#8221; content_line_height=&#8221;2.4em&#8221; background_color=&#8221;rgba(0,0,0,0.6)&#8221; background_color_gradient_start=&#8221;rgba(255,255,255,0.55)&#8221; background_color_gradient_end=&#8221;rgba(255,255,255,0.55)&#8221; background_color_gradient_direction=&#8221;360deg&#8221; background_enable_image=&#8221;off&#8221; custom_css_title=&#8221;word-wrap: normal;&#8221; global_colors_info=&#8221;{}&#8221;][\/et_pb_fullwidth_header][\/et_pb_section]<\/p>","protected":false},"excerpt":{"rendered":"","protected":false},"author":2,"featured_media":0,"parent":0,"menu_order":0,"comment_status":"closed","ping_status":"closed","template":"","meta":{"_et_pb_use_builder":"on","_et_pb_old_content":"","_et_gb_content_width":"","footnotes":""},"class_list":["post-1066","page","type-page","status-publish","hentry"],"yoast_head":"<!-- This site is optimized with the Yoast SEO plugin v27.4 - https:\/\/yoast.com\/product\/yoast-seo-wordpress\/ -->\n<title>Inicio - gheyf<\/title>\n<meta name=\"robots\" content=\"index, follow, max-snippet:-1, max-image-preview:large, max-video-preview:-1\" \/>\n<link rel=\"canonical\" href=\"https:\/\/www.gheyf.com.mx\/en\/\" \/>\n<meta property=\"og:locale\" content=\"en_US\" \/>\n<meta property=\"og:type\" content=\"article\" \/>\n<meta property=\"og:title\" content=\"Inicio - gheyf\" \/>\n<meta property=\"og:url\" content=\"https:\/\/www.gheyf.com.mx\/en\/\" \/>\n<meta property=\"og:site_name\" content=\"gheyf\" \/>\n<meta property=\"article:modified_time\" content=\"2025-08-06T00:56:57+00:00\" \/>\n<meta name=\"twitter:card\" content=\"summary_large_image\" \/>\n<meta name=\"twitter:label1\" content=\"Est. reading time\" \/>\n\t<meta name=\"twitter:data1\" content=\"1 minute\" \/>\n<script type=\"application\/ld+json\" class=\"yoast-schema-graph\">{\"@context\":\"https:\\\/\\\/schema.org\",\"@graph\":[{\"@type\":\"WebPage\",\"@id\":\"https:\\\/\\\/www.gheyf.com.mx\\\/\",\"url\":\"https:\\\/\\\/www.gheyf.com.mx\\\/\",\"name\":\"Inicio - gheyf\",\"isPartOf\":{\"@id\":\"https:\\\/\\\/www.gheyf.com.mx\\\/#website\"},\"datePublished\":\"2022-08-07T21:50:55+00:00\",\"dateModified\":\"2025-08-06T00:56:57+00:00\",\"breadcrumb\":{\"@id\":\"https:\\\/\\\/www.gheyf.com.mx\\\/#breadcrumb\"},\"inLanguage\":\"en-US\",\"potentialAction\":[{\"@type\":\"ReadAction\",\"target\":[\"https:\\\/\\\/www.gheyf.com.mx\\\/\"]}]},{\"@type\":\"BreadcrumbList\",\"@id\":\"https:\\\/\\\/www.gheyf.com.mx\\\/#breadcrumb\",\"itemListElement\":[{\"@type\":\"ListItem\",\"position\":1,\"name\":\"Home\",\"item\":\"https:\\\/\\\/www.gheyf.com.mx\\\/\"},{\"@type\":\"ListItem\",\"position\":2,\"name\":\"Inicio\"}]},{\"@type\":\"WebSite\",\"@id\":\"https:\\\/\\\/www.gheyf.com.mx\\\/#website\",\"url\":\"https:\\\/\\\/www.gheyf.com.mx\\\/\",\"name\":\"gheyf\",\"description\":\"gheyf\",\"publisher\":{\"@id\":\"https:\\\/\\\/www.gheyf.com.mx\\\/#organization\"},\"potentialAction\":[{\"@type\":\"SearchAction\",\"target\":{\"@type\":\"EntryPoint\",\"urlTemplate\":\"https:\\\/\\\/www.gheyf.com.mx\\\/?s={search_term_string}\"},\"query-input\":{\"@type\":\"PropertyValueSpecification\",\"valueRequired\":true,\"valueName\":\"search_term_string\"}}],\"inLanguage\":\"en-US\"},{\"@type\":\"Organization\",\"@id\":\"https:\\\/\\\/www.gheyf.com.mx\\\/#organization\",\"name\":\"Global HEYF\",\"url\":\"https:\\\/\\\/www.gheyf.com.mx\\\/\",\"logo\":{\"@type\":\"ImageObject\",\"inLanguage\":\"en-US\",\"@id\":\"https:\\\/\\\/www.gheyf.com.mx\\\/#\\\/schema\\\/logo\\\/image\\\/\",\"url\":\"https:\\\/\\\/www.gheyf.com.mx\\\/wp-content\\\/uploads\\\/2022\\\/05\\\/Copia-de-GHEYF1.png\",\"contentUrl\":\"https:\\\/\\\/www.gheyf.com.mx\\\/wp-content\\\/uploads\\\/2022\\\/05\\\/Copia-de-GHEYF1.png\",\"width\":1500,\"height\":1500,\"caption\":\"Global HEYF\"},\"image\":{\"@id\":\"https:\\\/\\\/www.gheyf.com.mx\\\/#\\\/schema\\\/logo\\\/image\\\/\"}}]}<\/script>\n<!-- \/ Yoast SEO plugin. -->","yoast_head_json":{"title":"Inicio - gheyf","robots":{"index":"index","follow":"follow","max-snippet":"max-snippet:-1","max-image-preview":"max-image-preview:large","max-video-preview":"max-video-preview:-1"},"canonical":"https:\/\/www.gheyf.com.mx\/en\/","og_locale":"en_US","og_type":"article","og_title":"Inicio - gheyf","og_url":"https:\/\/www.gheyf.com.mx\/en\/","og_site_name":"gheyf","article_modified_time":"2025-08-06T00:56:57+00:00","twitter_card":"summary_large_image","twitter_misc":{"Est. reading time":"1 minute"},"schema":{"@context":"https:\/\/schema.org","@graph":[{"@type":"WebPage","@id":"https:\/\/www.gheyf.com.mx\/","url":"https:\/\/www.gheyf.com.mx\/","name":"Inicio - gheyf","isPartOf":{"@id":"https:\/\/www.gheyf.com.mx\/#website"},"datePublished":"2022-08-07T21:50:55+00:00","dateModified":"2025-08-06T00:56:57+00:00","breadcrumb":{"@id":"https:\/\/www.gheyf.com.mx\/#breadcrumb"},"inLanguage":"en-US","potentialAction":[{"@type":"ReadAction","target":["https:\/\/www.gheyf.com.mx\/"]}]},{"@type":"BreadcrumbList","@id":"https:\/\/www.gheyf.com.mx\/#breadcrumb","itemListElement":[{"@type":"ListItem","position":1,"name":"Home","item":"https:\/\/www.gheyf.com.mx\/"},{"@type":"ListItem","position":2,"name":"Inicio"}]},{"@type":"WebSite","@id":"https:\/\/www.gheyf.com.mx\/#website","url":"https:\/\/www.gheyf.com.mx\/","name":"gheyf","description":"gheyf","publisher":{"@id":"https:\/\/www.gheyf.com.mx\/#organization"},"potentialAction":[{"@type":"SearchAction","target":{"@type":"EntryPoint","urlTemplate":"https:\/\/www.gheyf.com.mx\/?s={search_term_string}"},"query-input":{"@type":"PropertyValueSpecification","valueRequired":true,"valueName":"search_term_string"}}],"inLanguage":"en-US"},{"@type":"Organization","@id":"https:\/\/www.gheyf.com.mx\/#organization","name":"Global HEYF","url":"https:\/\/www.gheyf.com.mx\/","logo":{"@type":"ImageObject","inLanguage":"en-US","@id":"https:\/\/www.gheyf.com.mx\/#\/schema\/logo\/image\/","url":"https:\/\/www.gheyf.com.mx\/wp-content\/uploads\/2022\/05\/Copia-de-GHEYF1.png","contentUrl":"https:\/\/www.gheyf.com.mx\/wp-content\/uploads\/2022\/05\/Copia-de-GHEYF1.png","width":1500,"height":1500,"caption":"Global HEYF"},"image":{"@id":"https:\/\/www.gheyf.com.mx\/#\/schema\/logo\/image\/"}}]}},"_links":{"self":[{"href":"https:\/\/www.gheyf.com.mx\/en\/wp-json\/wp\/v2\/pages\/1066","targetHints":{"allow":["GET"]}}],"collection":[{"href":"https:\/\/www.gheyf.com.mx\/en\/wp-json\/wp\/v2\/pages"}],"about":[{"href":"https:\/\/www.gheyf.com.mx\/en\/wp-json\/wp\/v2\/types\/page"}],"author":[{"embeddable":true,"href":"https:\/\/www.gheyf.com.mx\/en\/wp-json\/wp\/v2\/users\/2"}],"replies":[{"embeddable":true,"href":"https:\/\/www.gheyf.com.mx\/en\/wp-json\/wp\/v2\/comments?post=1066"}],"version-history":[{"count":10,"href":"https:\/\/www.gheyf.com.mx\/en\/wp-json\/wp\/v2\/pages\/1066\/revisions"}],"predecessor-version":[{"id":1225,"href":"https:\/\/www.gheyf.com.mx\/en\/wp-json\/wp\/v2\/pages\/1066\/revisions\/1225"}],"wp:attachment":[{"href":"https:\/\/www.gheyf.com.mx\/en\/wp-json\/wp\/v2\/media?parent=1066"}],"curies":[{"name":"wp","href":"https:\/\/api.w.org\/{rel}","templated":true}]}}