{"id":1111,"date":"2022-08-09T03:16:35","date_gmt":"2022-08-09T03:16:35","guid":{"rendered":"https:\/\/www.gheyf.com.mx\/?page_id=1111"},"modified":"2025-06-20T02:29:58","modified_gmt":"2025-06-20T02:29:58","slug":"contacto","status":"publish","type":"page","link":"https:\/\/www.gheyf.com.mx\/en\/contacto\/","title":{"rendered":"Contact"},"content":{"rendered":"<p>[et_pb_section fb_built=&#8221;1&#8243; fullwidth=&#8221;on&#8221; disabled_on=&#8221;on|on|off&#8221; _builder_version=&#8221;4.14.9&#8243; _module_preset=&#8221;default&#8221; background_color=&#8221;#f3bc33&#8243; global_colors_info=&#8221;{}&#8221;][et_pb_fullwidth_menu menu_id=&#8221;12&#8243; fullwidth_menu=&#8221;off&#8221; active_link_color=&#8221;#000000&#8243; dropdown_menu_bg_color=&#8221;#FFFFFF&#8221; dropdown_menu_line_color=&#8221;#F3BC33&#8243; dropdown_menu_text_color=&#8221;#000000&#8243; dropdown_menu_active_link_color=&#8221;#F3BC33&#8243; mobile_menu_bg_color=&#8221;#FFFFFF&#8221; mobile_menu_text_color=&#8221;#000000&#8243; logo=&#8221;https:\/\/www.gheyf.com.mx\/wp-content\/uploads\/2022\/05\/Copia-de-GHEYF3.png&#8221; logo_url=&#8221;gheyf.com.mx\/home&#8221; logo_width=&#8221;160px&#8221; menu_icon_color=&#8221;#F3BC33&#8243; _builder_version=&#8221;4.14.9&#8243; _module_preset=&#8221;default&#8221; menu_text_color=&#8221;#FFFFFF&#8221; menu_font_size=&#8221;19px&#8221; background_color=&#8221;RGBA(255,255,255,0)&#8221; text_orientation=&#8221;right&#8221; module_alignment=&#8221;center&#8221; custom_padding=&#8221;|40px|||false|false&#8221; global_colors_info=&#8221;{}&#8221;][\/et_pb_fullwidth_menu][\/et_pb_section][et_pb_section fb_built=&#8221;1&#8243; fullwidth=&#8221;on&#8221; disabled_on=&#8221;off|off|on&#8221; _builder_version=&#8221;4.14.9&#8243; _module_preset=&#8221;default&#8221; background_color=&#8221;#f3bc33&#8243; sticky_position=&#8221;top&#8221; global_colors_info=&#8221;{}&#8221;][et_pb_fullwidth_menu menu_id=&#8221;12&#8243; fullwidth_menu=&#8221;off&#8221; active_link_color=&#8221;#F3BC33&#8243; dropdown_menu_bg_color=&#8221;#FFFFFF&#8221; dropdown_menu_line_color=&#8221;#F3BC33&#8243; dropdown_menu_text_color=&#8221;#000000&#8243; dropdown_menu_active_link_color=&#8221;#F3BC33&#8243; mobile_menu_bg_color=&#8221;#FFFFFF&#8221; mobile_menu_text_color=&#8221;#000000&#8243; logo=&#8221;https:\/\/www.gheyf.com.mx\/wp-content\/uploads\/2022\/05\/Copia-de-GHEYF3.png&#8221; logo_url=&#8221;gheyf.com.mx\/home&#8221; logo_width=&#8221;160px&#8221; menu_icon_color=&#8221;#000000&#8243; _builder_version=&#8221;4.14.9&#8243; _module_preset=&#8221;default&#8221; menu_text_color=&#8221;#FFFFFF&#8221; menu_font_size=&#8221;19px&#8221; background_color=&#8221;RGBA(255,255,255,0)&#8221; text_orientation=&#8221;right&#8221; module_alignment=&#8221;center&#8221; custom_padding=&#8221;|40px|||false|false&#8221; global_colors_info=&#8221;{}&#8221;][\/et_pb_fullwidth_menu][\/et_pb_section][et_pb_section fb_built=&#8221;1&#8243; _builder_version=&#8221;4.14.9&#8243; _module_preset=&#8221;default&#8221; background_color=&#8221;#353839&#8243; background_image=&#8221;https:\/\/www.gheyf.com.mx\/wp-content\/uploads\/2022\/08\/annie-spratt-AFB6S2kibuk-unsplash.jpg&#8221; parallax=&#8221;on&#8221; custom_padding=&#8221;||||false|false&#8221; global_colors_info=&#8221;{}&#8221;][et_pb_row disabled_on=&#8221;off|off|off&#8221; _builder_version=&#8221;4.14.9&#8243; _module_preset=&#8221;default&#8221; background_color=&#8221;RGBA(0,0,0,0.43)&#8221; custom_padding=&#8221;|4vw||4vw|false|true&#8221; border_radii=&#8221;on|8px|8px|8px|8px&#8221; global_colors_info=&#8221;{}&#8221;][et_pb_column type=&#8221;4_4&#8243; _builder_version=&#8221;4.14.9&#8243; _module_preset=&#8221;default&#8221; global_colors_info=&#8221;{}&#8221;][et_pb_text _builder_version=&#8221;4.14.9&#8243; _module_preset=&#8221;default&#8221; text_text_color=&#8221;#FFFFFF&#8221; header_text_align=&#8221;justify&#8221; header_text_color=&#8221;#FFFFFF&#8221; header_2_text_color=&#8221;#FFFFFF&#8221; text_orientation=&#8221;justified&#8221; custom_padding=&#8221;|||0px|false|false&#8221; global_colors_info=&#8221;{}&#8221;]<\/p>\n<h2>Visit us or get in touch with one of our partners<\/h2>\n<p>[\/et_pb_text][et_pb_code _builder_version=&#8221;4.14.9&#8243; _module_preset=&#8221;default&#8221; text_orientation=&#8221;center&#8221; hover_enabled=&#8221;0&#8243; global_colors_info=&#8221;{}&#8221; sticky_enabled=&#8221;0&#8243;]<iframe src=\"https:\/\/www.google.com\/maps\/embed?pb=!1m18!1m12!1m3!1d3762.5230581122146!2d-99.18388742604414!3d19.43300268184645!2m3!1f0!2f0!3f0!3m2!1i1024!2i768!4f13.1!3m3!1m2!1s0x85d1f8ace2790a5f%3A0x8c245b09e2bc7030!2sTorre%20Polanco!5e0!3m2!1sen!2smx!4v1750385912838!5m2!1sen!2smx\" width=\"600\" height=\"450\" style=\"border:0;\" allowfullscreen=\"\" loading=\"lazy\" referrerpolicy=\"no-referrer-when-downgrade\"><\/iframe>[\/et_pb_code][et_pb_text _builder_version=&#8221;4.14.9&#8243; _module_preset=&#8221;default&#8221; text_text_color=&#8221;#FFFFFF&#8221; header_3_text_color=&#8221;#FFFFFF&#8221; text_orientation=&#8221;center&#8221; hover_enabled=&#8221;0&#8243; global_colors_info=&#8221;{}&#8221; sticky_enabled=&#8221;0&#8243;]<\/p>\n<h3>Calzada Mariano Escobedo 476, Torre Polanco, 12th Floor, Suite 1200-B\nAnzures, Mexico City 11590<\/h3>\n<p>[\/et_pb_text][et_pb_text _builder_version=&#8221;4.14.9&#8243; _module_preset=&#8221;default&#8221; text_text_color=&#8221;#FFFFFF&#8221; header_3_text_color=&#8221;#FFFFFF&#8221; text_orientation=&#8221;center&#8221; hover_enabled=&#8221;0&#8243; global_colors_info=&#8221;{}&#8221; sticky_enabled=&#8221;0&#8243;]<\/p>\n<h3>Office Number: +52 55 9262 4249<\/h3>\n<p>[\/et_pb_text][\/et_pb_column][\/et_pb_row][et_pb_row column_structure=&#8221;1_4,1_4,1_4,1_4&#8243; _builder_version=&#8221;4.14.9&#8243; _module_preset=&#8221;default&#8221; background_color=&#8221;#FFFFFF&#8221; custom_margin=&#8221;||||false|false&#8221; custom_padding=&#8221;|50px||50px|false|true&#8221; border_radii=&#8221;on|8px|8px|8px|8px&#8221; border_width_top=&#8221;6px&#8221; border_color_top=&#8221;#f3bc33&#8243; global_colors_info=&#8221;{}&#8221;][et_pb_column type=&#8221;1_4&#8243; _builder_version=&#8221;4.14.9&#8243; _module_preset=&#8221;default&#8221; global_colors_info=&#8221;{}&#8221;][\/et_pb_column][et_pb_column type=&#8221;1_4&#8243; _builder_version=&#8221;4.14.9&#8243; _module_preset=&#8221;default&#8221; global_colors_info=&#8221;{}&#8221;][et_pb_image src=&#8221;https:\/\/www.gheyf.com.mx\/wp-content\/uploads\/2022\/06\/Diseno-sin-titulo5.png&#8221; title_text=&#8221;David&#8221; _builder_version=&#8221;4.14.9&#8243; _module_preset=&#8221;default&#8221; global_colors_info=&#8221;{}&#8221;][\/et_pb_image][et_pb_text _builder_version=&#8221;4.14.9&#8243; _module_preset=&#8221;default&#8221; text_text_color=&#8221;#000000&#8243; header_2_text_color=&#8221;#F3BC33&#8243; global_colors_info=&#8221;{}&#8221;]<\/p>\n<h2 style=\"text-align: center;\">David Esquivel<\/h2>\n<p style=\"text-align: justify;\"><a href=\"mailto:ana.herrero@gheyf.com.mx\">david.esquivel@gheyf.com.mx<\/a><\/p>\n<p style=\"text-align: justify;\">(+52) 55 3413-4226<span style=\"font-weight: 400;\"><\/span><\/p>\n<p>[\/et_pb_text][\/et_pb_column][et_pb_column type=&#8221;1_4&#8243; _builder_version=&#8221;4.14.9&#8243; _module_preset=&#8221;default&#8221; global_colors_info=&#8221;{}&#8221;][et_pb_image src=&#8221;https:\/\/www.gheyf.com.mx\/wp-content\/uploads\/2022\/07\/Sin-titulo-1200-\u00d7-1600-px.jpg&#8221; alt=&#8221;Mario Fuentes&#8221; title_text=&#8221;MF&#8221; _builder_version=&#8221;4.14.9&#8243; _module_preset=&#8221;default&#8221; global_colors_info=&#8221;{}&#8221;][\/et_pb_image][et_pb_text _builder_version=&#8221;4.14.9&#8243; _module_preset=&#8221;default&#8221; text_text_color=&#8221;#000000&#8243; header_2_text_color=&#8221;#F3BC33&#8243; global_colors_info=&#8221;{}&#8221;]<\/p>\n<h2 style=\"text-align: center;\">Mario Fuentes<\/h2>\n<p style=\"text-align: justify;\"><a href=\"mailto:ana.herrero@gheyf.com.mx\">mario.fuentes@gheyf.com.mx<\/a><\/p>\n<p style=\"text-align: justify;\">(+52) 55 1698-0989<span style=\"font-weight: 400;\"><\/span><\/p>\n<p>[\/et_pb_text][\/et_pb_column][et_pb_column type=&#8221;1_4&#8243; _builder_version=&#8221;4.14.9&#8243; _module_preset=&#8221;default&#8221; global_colors_info=&#8221;{}&#8221;][\/et_pb_column][\/et_pb_row][\/et_pb_section]<\/p>","protected":false},"excerpt":{"rendered":"<p>Vis\u00edtanos o ponte en contacto con alguno de nuestros sociosCalzada Mariano Escobedo 476, Torre Polanco, Piso 12 Int. 1200-B Col. Anzures Ciudad de Mexico 11590N\u00famero de Oficina 55 9262 4249David Esquivel david.esquivel@gheyf.com.mx (+52) 55 3413-4226Mario Fuentes mario.fuentes@gheyf.com.mx (+52) 55 1698-0989<\/p>","protected":false},"author":2,"featured_media":0,"parent":0,"menu_order":0,"comment_status":"closed","ping_status":"closed","template":"","meta":{"_et_pb_use_builder":"on","_et_pb_old_content":"","_et_gb_content_width":"","footnotes":""},"class_list":["post-1111","page","type-page","status-publish","hentry"],"yoast_head":"<!-- This site is optimized with the Yoast SEO plugin v27.4 - https:\/\/yoast.com\/product\/yoast-seo-wordpress\/ -->\n<title>Contacto - gheyf<\/title>\n<meta name=\"description\" content=\"Contacto a nuestro equipo para tener la mejor atenci\u00f3n. Somos un grupo de consultor\u00eda fiscal con experiencia en M\u00e9xico y Canad\u00e1\" \/>\n<meta name=\"robots\" content=\"index, follow, max-snippet:-1, max-image-preview:large, max-video-preview:-1\" \/>\n<link rel=\"canonical\" href=\"https:\/\/www.gheyf.com.mx\/en\/contacto\/\" \/>\n<meta property=\"og:locale\" content=\"en_US\" \/>\n<meta property=\"og:type\" content=\"article\" \/>\n<meta property=\"og:title\" content=\"Contacto - gheyf\" \/>\n<meta property=\"og:description\" content=\"Contacto a nuestro equipo para tener la mejor atenci\u00f3n. Somos un grupo de consultor\u00eda fiscal con experiencia en M\u00e9xico y Canad\u00e1\" \/>\n<meta property=\"og:url\" content=\"https:\/\/www.gheyf.com.mx\/en\/contacto\/\" \/>\n<meta property=\"og:site_name\" content=\"gheyf\" \/>\n<meta property=\"article:modified_time\" content=\"2025-06-20T02:29:58+00:00\" \/>\n<meta name=\"twitter:card\" content=\"summary_large_image\" \/>\n<meta name=\"twitter:label1\" content=\"Est. reading time\" \/>\n\t<meta name=\"twitter:data1\" content=\"1 minute\" \/>\n<script type=\"application\/ld+json\" class=\"yoast-schema-graph\">{\"@context\":\"https:\\\/\\\/schema.org\",\"@graph\":[{\"@type\":\"WebPage\",\"@id\":\"https:\\\/\\\/www.gheyf.com.mx\\\/contacto\\\/\",\"url\":\"https:\\\/\\\/www.gheyf.com.mx\\\/contacto\\\/\",\"name\":\"Contacto - gheyf\",\"isPartOf\":{\"@id\":\"https:\\\/\\\/www.gheyf.com.mx\\\/#website\"},\"datePublished\":\"2022-08-09T03:16:35+00:00\",\"dateModified\":\"2025-06-20T02:29:58+00:00\",\"description\":\"Contacto a nuestro equipo para tener la mejor atenci\u00f3n. Somos un grupo de consultor\u00eda fiscal con experiencia en M\u00e9xico y Canad\u00e1\",\"breadcrumb\":{\"@id\":\"https:\\\/\\\/www.gheyf.com.mx\\\/contacto\\\/#breadcrumb\"},\"inLanguage\":\"en-US\",\"potentialAction\":[{\"@type\":\"ReadAction\",\"target\":[\"https:\\\/\\\/www.gheyf.com.mx\\\/contacto\\\/\"]}]},{\"@type\":\"BreadcrumbList\",\"@id\":\"https:\\\/\\\/www.gheyf.com.mx\\\/contacto\\\/#breadcrumb\",\"itemListElement\":[{\"@type\":\"ListItem\",\"position\":1,\"name\":\"Home\",\"item\":\"https:\\\/\\\/www.gheyf.com.mx\\\/\"},{\"@type\":\"ListItem\",\"position\":2,\"name\":\"Contacto\"}]},{\"@type\":\"WebSite\",\"@id\":\"https:\\\/\\\/www.gheyf.com.mx\\\/#website\",\"url\":\"https:\\\/\\\/www.gheyf.com.mx\\\/\",\"name\":\"gheyf\",\"description\":\"gheyf\",\"publisher\":{\"@id\":\"https:\\\/\\\/www.gheyf.com.mx\\\/#organization\"},\"potentialAction\":[{\"@type\":\"SearchAction\",\"target\":{\"@type\":\"EntryPoint\",\"urlTemplate\":\"https:\\\/\\\/www.gheyf.com.mx\\\/?s={search_term_string}\"},\"query-input\":{\"@type\":\"PropertyValueSpecification\",\"valueRequired\":true,\"valueName\":\"search_term_string\"}}],\"inLanguage\":\"en-US\"},{\"@type\":\"Organization\",\"@id\":\"https:\\\/\\\/www.gheyf.com.mx\\\/#organization\",\"name\":\"Global HEYF\",\"url\":\"https:\\\/\\\/www.gheyf.com.mx\\\/\",\"logo\":{\"@type\":\"ImageObject\",\"inLanguage\":\"en-US\",\"@id\":\"https:\\\/\\\/www.gheyf.com.mx\\\/#\\\/schema\\\/logo\\\/image\\\/\",\"url\":\"https:\\\/\\\/www.gheyf.com.mx\\\/wp-content\\\/uploads\\\/2022\\\/05\\\/Copia-de-GHEYF1.png\",\"contentUrl\":\"https:\\\/\\\/www.gheyf.com.mx\\\/wp-content\\\/uploads\\\/2022\\\/05\\\/Copia-de-GHEYF1.png\",\"width\":1500,\"height\":1500,\"caption\":\"Global HEYF\"},\"image\":{\"@id\":\"https:\\\/\\\/www.gheyf.com.mx\\\/#\\\/schema\\\/logo\\\/image\\\/\"}}]}<\/script>\n<!-- \/ Yoast SEO plugin. -->","yoast_head_json":{"title":"Contacto - gheyf","description":"Contacto a nuestro equipo para tener la mejor atenci\u00f3n. Somos un grupo de consultor\u00eda fiscal con experiencia en M\u00e9xico y Canad\u00e1","robots":{"index":"index","follow":"follow","max-snippet":"max-snippet:-1","max-image-preview":"max-image-preview:large","max-video-preview":"max-video-preview:-1"},"canonical":"https:\/\/www.gheyf.com.mx\/en\/contacto\/","og_locale":"en_US","og_type":"article","og_title":"Contacto - gheyf","og_description":"Contacto a nuestro equipo para tener la mejor atenci\u00f3n. Somos un grupo de consultor\u00eda fiscal con experiencia en M\u00e9xico y Canad\u00e1","og_url":"https:\/\/www.gheyf.com.mx\/en\/contacto\/","og_site_name":"gheyf","article_modified_time":"2025-06-20T02:29:58+00:00","twitter_card":"summary_large_image","twitter_misc":{"Est. reading time":"1 minute"},"schema":{"@context":"https:\/\/schema.org","@graph":[{"@type":"WebPage","@id":"https:\/\/www.gheyf.com.mx\/contacto\/","url":"https:\/\/www.gheyf.com.mx\/contacto\/","name":"Contacto - gheyf","isPartOf":{"@id":"https:\/\/www.gheyf.com.mx\/#website"},"datePublished":"2022-08-09T03:16:35+00:00","dateModified":"2025-06-20T02:29:58+00:00","description":"Contacto a nuestro equipo para tener la mejor atenci\u00f3n. Somos un grupo de consultor\u00eda fiscal con experiencia en M\u00e9xico y Canad\u00e1","breadcrumb":{"@id":"https:\/\/www.gheyf.com.mx\/contacto\/#breadcrumb"},"inLanguage":"en-US","potentialAction":[{"@type":"ReadAction","target":["https:\/\/www.gheyf.com.mx\/contacto\/"]}]},{"@type":"BreadcrumbList","@id":"https:\/\/www.gheyf.com.mx\/contacto\/#breadcrumb","itemListElement":[{"@type":"ListItem","position":1,"name":"Home","item":"https:\/\/www.gheyf.com.mx\/"},{"@type":"ListItem","position":2,"name":"Contacto"}]},{"@type":"WebSite","@id":"https:\/\/www.gheyf.com.mx\/#website","url":"https:\/\/www.gheyf.com.mx\/","name":"gheyf","description":"gheyf","publisher":{"@id":"https:\/\/www.gheyf.com.mx\/#organization"},"potentialAction":[{"@type":"SearchAction","target":{"@type":"EntryPoint","urlTemplate":"https:\/\/www.gheyf.com.mx\/?s={search_term_string}"},"query-input":{"@type":"PropertyValueSpecification","valueRequired":true,"valueName":"search_term_string"}}],"inLanguage":"en-US"},{"@type":"Organization","@id":"https:\/\/www.gheyf.com.mx\/#organization","name":"Global HEYF","url":"https:\/\/www.gheyf.com.mx\/","logo":{"@type":"ImageObject","inLanguage":"en-US","@id":"https:\/\/www.gheyf.com.mx\/#\/schema\/logo\/image\/","url":"https:\/\/www.gheyf.com.mx\/wp-content\/uploads\/2022\/05\/Copia-de-GHEYF1.png","contentUrl":"https:\/\/www.gheyf.com.mx\/wp-content\/uploads\/2022\/05\/Copia-de-GHEYF1.png","width":1500,"height":1500,"caption":"Global HEYF"},"image":{"@id":"https:\/\/www.gheyf.com.mx\/#\/schema\/logo\/image\/"}}]}},"_links":{"self":[{"href":"https:\/\/www.gheyf.com.mx\/en\/wp-json\/wp\/v2\/pages\/1111","targetHints":{"allow":["GET"]}}],"collection":[{"href":"https:\/\/www.gheyf.com.mx\/en\/wp-json\/wp\/v2\/pages"}],"about":[{"href":"https:\/\/www.gheyf.com.mx\/en\/wp-json\/wp\/v2\/types\/page"}],"author":[{"embeddable":true,"href":"https:\/\/www.gheyf.com.mx\/en\/wp-json\/wp\/v2\/users\/2"}],"replies":[{"embeddable":true,"href":"https:\/\/www.gheyf.com.mx\/en\/wp-json\/wp\/v2\/comments?post=1111"}],"version-history":[{"count":9,"href":"https:\/\/www.gheyf.com.mx\/en\/wp-json\/wp\/v2\/pages\/1111\/revisions"}],"predecessor-version":[{"id":1209,"href":"https:\/\/www.gheyf.com.mx\/en\/wp-json\/wp\/v2\/pages\/1111\/revisions\/1209"}],"wp:attachment":[{"href":"https:\/\/www.gheyf.com.mx\/en\/wp-json\/wp\/v2\/media?parent=1111"}],"curies":[{"name":"wp","href":"https:\/\/api.w.org\/{rel}","templated":true}]}}