{"id":696,"date":"2022-05-24T23:14:02","date_gmt":"2022-05-24T23:14:02","guid":{"rendered":"https:\/\/www.gheyf.com.mx\/?page_id=696"},"modified":"2025-08-05T22:09:00","modified_gmt":"2025-08-05T22:09:00","slug":"davidesquivel","status":"publish","type":"page","link":"https:\/\/www.gheyf.com.mx\/en\/davidesquivel\/","title":{"rendered":"DavidEsquivel"},"content":{"rendered":"<p>[et_pb_section fb_built=&#8221;1&#8243; fullwidth=&#8221;on&#8221; disabled_on=&#8221;on|on|off&#8221; _builder_version=&#8221;4.14.9&#8243; _module_preset=&#8221;default&#8221; background_color=&#8221;#F3BE3C&#8221; global_colors_info=&#8221;{}&#8221;][et_pb_fullwidth_menu menu_id=&#8221;12&#8243; fullwidth_menu=&#8221;off&#8221; active_link_color=&#8221;#f3bc33&#8243; dropdown_menu_bg_color=&#8221;#FFFFFF&#8221; dropdown_menu_line_color=&#8221;#F3BC33&#8243; dropdown_menu_text_color=&#8221;#000000&#8243; dropdown_menu_active_link_color=&#8221;#F3BC33&#8243; mobile_menu_bg_color=&#8221;#FFFFFF&#8221; mobile_menu_text_color=&#8221;#000000&#8243; logo=&#8221;https:\/\/www.gheyf.com.mx\/wp-content\/uploads\/2022\/05\/Copia-de-GHEYF3.png&#8221; logo_url=&#8221;https:\/\/www.gheyf.com.mx\/home&#8221; logo_width=&#8221;160px&#8221; menu_icon_color=&#8221;#F3BC33&#8243; _builder_version=&#8221;4.14.9&#8243; _module_preset=&#8221;default&#8221; menu_text_color=&#8221;#FFFFFF&#8221; menu_font_size=&#8221;19px&#8221; background_color=&#8221;RGBA(255,255,255,0)&#8221; text_orientation=&#8221;right&#8221; module_alignment=&#8221;center&#8221; custom_padding=&#8221;|40px|||false|false&#8221; global_colors_info=&#8221;{}&#8221;][\/et_pb_fullwidth_menu][\/et_pb_section][et_pb_section fb_built=&#8221;1&#8243; fullwidth=&#8221;on&#8221; disabled_on=&#8221;off|off|on&#8221; _builder_version=&#8221;4.14.9&#8243; _module_preset=&#8221;default&#8221; background_color=&#8221;#F3BE3C&#8221; sticky_position=&#8221;top&#8221; global_colors_info=&#8221;{}&#8221;][et_pb_fullwidth_menu menu_id=&#8221;12&#8243; fullwidth_menu=&#8221;off&#8221; active_link_color=&#8221;#f3bc33&#8243; dropdown_menu_bg_color=&#8221;#FFFFFF&#8221; dropdown_menu_line_color=&#8221;#F3BC33&#8243; dropdown_menu_text_color=&#8221;#000000&#8243; dropdown_menu_active_link_color=&#8221;#F3BC33&#8243; mobile_menu_bg_color=&#8221;#FFFFFF&#8221; mobile_menu_text_color=&#8221;#000000&#8243; logo=&#8221;https:\/\/www.gheyf.com.mx\/wp-content\/uploads\/2022\/05\/Copia-de-GHEYF3.png&#8221; logo_url=&#8221;https:\/\/www.gheyf.com.mx\/home&#8221; logo_width=&#8221;160px&#8221; menu_icon_color=&#8221;#000000&#8243; _builder_version=&#8221;4.14.9&#8243; _module_preset=&#8221;default&#8221; menu_text_color=&#8221;#FFFFFF&#8221; menu_font_size=&#8221;19px&#8221; background_color=&#8221;RGBA(255,255,255,0)&#8221; text_orientation=&#8221;right&#8221; module_alignment=&#8221;center&#8221; custom_padding=&#8221;|40px|||false|false&#8221; global_colors_info=&#8221;{}&#8221;][\/et_pb_fullwidth_menu][\/et_pb_section][et_pb_section fb_built=&#8221;1&#8243; _builder_version=&#8221;4.14.9&#8243; _module_preset=&#8221;default&#8221; background_enable_color=&#8221;off&#8221; background_image=&#8221;https:\/\/www.gheyf.com.mx\/wp-content\/uploads\/2022\/05\/eilis-garvey-fhOQfT1eVEA-unsplash-scaled.jpg&#8221; global_colors_info=&#8221;{}&#8221;][et_pb_row column_structure=&#8221;1_2,1_2&#8243; disabled_on=&#8221;on|on|off&#8221; _builder_version=&#8221;4.14.9&#8243; _module_preset=&#8221;default&#8221; background_color=&#8221;#FFFFFF&#8221; custom_padding=&#8221;50px|50px|50px|50px|true|true&#8221; border_width_top=&#8221;6px&#8221; border_color_top=&#8221;#F3BC33&#8243; global_colors_info=&#8221;{}&#8221;][et_pb_column type=&#8221;1_2&#8243; _builder_version=&#8221;4.14.9&#8243; _module_preset=&#8221;default&#8221; global_colors_info=&#8221;{}&#8221;][et_pb_image src=&#8221;https:\/\/www.gheyf.com.mx\/wp-content\/uploads\/2022\/06\/Diseno-sin-titulo5.png&#8221; title_text=&#8221;Dise\u00f1o sin t\u00edtulo(5)&#8221; align=&#8221;center&#8221; _builder_version=&#8221;4.14.9&#8243; _module_preset=&#8221;default&#8221; global_colors_info=&#8221;{}&#8221;][\/et_pb_image][et_pb_blurb use_icon=&#8221;on&#8221; font_icon=&#8221;&#xe090;||divi||400&#8243; icon_color=&#8221;#F3BC33&#8243; icon_placement=&#8221;left&#8221; _builder_version=&#8221;4.14.9&#8243; _module_preset=&#8221;default&#8221; global_colors_info=&#8221;{}&#8221;]<\/p>\n<p>(+52) 55 3413-4226<\/p>\n<p>[\/et_pb_blurb][et_pb_blurb use_icon=&#8221;on&#8221; font_icon=&#8221;&#xe010;||divi||400&#8243; icon_color=&#8221;#F3BC33&#8243; icon_placement=&#8221;left&#8221; _builder_version=&#8221;4.14.9&#8243; _module_preset=&#8221;default&#8221; global_colors_info=&#8221;{}&#8221;]<\/p>\n<p><a href=\"mailto:ana.herrero@gheyf.com.mx\">david.esquivel@gheyf.com.mx<\/a><\/p>\n<p>[\/et_pb_blurb][\/et_pb_column][et_pb_column type=&#8221;1_2&#8243; _builder_version=&#8221;4.14.9&#8243; _module_preset=&#8221;default&#8221; global_colors_info=&#8221;{}&#8221;][et_pb_text _builder_version=&#8221;4.14.9&#8243; _module_preset=&#8221;default&#8221; header_text_color=&#8221;#F3BC33&#8243; header_font_size=&#8221;40px&#8221; custom_padding=&#8221;||0px||false|false&#8221; border_color_bottom=&#8221;#F3BC33&#8243; global_colors_info=&#8221;{}&#8221;]<\/p>\n<h1>David Esquivel<\/h1>\n<p>[\/et_pb_text][et_pb_text _builder_version=&#8221;4.14.9&#8243; _module_preset=&#8221;default&#8221; text_font_size=&#8221;20px&#8221; custom_padding=&#8221;|||8px|false|false&#8221; border_width_left=&#8221;4px&#8221; border_color_left=&#8221;#F3BC33&#8243; global_colors_info=&#8221;{}&#8221;]<\/p>\n<p><span style=\"font-weight: 400;\">Specialist on fiscal contributions, extractive industries and on providing attention to big international corporations.<\/span><\/p>\n<p><span style=\"font-weight: 400;\">He began his professional career on KPMG in 1999, focusing on taxes and fiscal litigation, before that he worked in Prodecon, where he served as adjointed director general on heeding systemic problems and meetings with the tax authorities; later he functioned as an Audit administrator and as a Central Administrator of Planning and Programming of Hydrocarbons, to ultimately end up as Central Administrator of Planning and Programming of Large Taxpayers for Mexico's Internal Revenue Service (SAT).<\/span><\/p>\n<p><span style=\"font-weight: 400;\">He has over 20 years of experience as a legal and tax counselor, he got his bachelor's degree on accounting and law from UNAM, a Master\u2019s degree on tax law from the Universidad Panamericana, and a specialized degree on hydrocarbons from ITAM, as well as various courses and graduates, such as his graduate on International Business &amp; Management in Vancouver, on hydrocarbons in the Instituto Mexicano del Petr\u00f3leo, and the Comisi\u00f3n Nacional de Hidrocarburos, as well as many others.<\/span><\/p>\n<p>[\/et_pb_text][\/et_pb_column][\/et_pb_row][et_pb_row disabled_on=&#8221;off|off|on&#8221; _builder_version=&#8221;4.14.9&#8243; _module_preset=&#8221;default&#8221; background_color=&#8221;rgba(0,0,0,0.43)&#8221; border_color_top=&#8221;#353839&#8243; global_colors_info=&#8221;{}&#8221;][et_pb_column type=&#8221;4_4&#8243; _builder_version=&#8221;4.14.9&#8243; _module_preset=&#8221;default&#8221; global_colors_info=&#8221;{}&#8221;][et_pb_image src=&#8221;https:\/\/www.gheyf.com.mx\/wp-content\/uploads\/2022\/06\/Diseno-sin-titulo5.png&#8221; title_text=&#8221;Dise\u00f1o sin t\u00edtulo(5)&#8221; align=&#8221;center&#8221; _builder_version=&#8221;4.14.9&#8243; _module_preset=&#8221;default&#8221; global_colors_info=&#8221;{}&#8221;][\/et_pb_image][et_pb_text _builder_version=&#8221;4.14.9&#8243; _module_preset=&#8221;default&#8221; header_text_color=&#8221;#F3BC33&#8243; header_font_size=&#8221;40px&#8221; custom_padding=&#8221;||0px||false|false&#8221; border_color_bottom=&#8221;#F3BC33&#8243; global_colors_info=&#8221;{}&#8221;]<\/p>\n<h1 style=\"text-align: center;\">David Esquivel<\/h1>\n<p>[\/et_pb_text][et_pb_text _builder_version=&#8221;4.14.9&#8243; _module_preset=&#8221;default&#8221; text_text_color=&#8221;#FFFFFF&#8221; text_font_size=&#8221;20px&#8221; background_enable_color=&#8221;off&#8221; custom_padding=&#8221;|15px||15px|false|true&#8221; border_color_left=&#8221;#F3BC33&#8243; global_colors_info=&#8221;{}&#8221;]<\/p>\n<p style=\"text-align: justify;\">Specialist on fiscal contributions, extractive industries and on providing attention to big international corporations.<\/p>\n<p style=\"text-align: justify;\">He began his professional career on KPMG in 1999, focusing on taxes and fiscal litigation, before that he worked in Prodecon, where he served as adjointed director general on heeding systemic problems and meetings with the tax authorities; later he functioned as an Audit administrator and as a Central Administrator of Planning and Programming of Hydrocarbons, to ultimately end up as Central Administrator of Planning and Programming of Large Taxpayers for Mexico's Internal Revenue Service (SAT).<\/p>\n<p style=\"text-align: justify;\">He has over 20 years of experience as a legal and tax counselor, he got his bachelor's degree on accounting and law from UNAM, a Master\u2019s degree on tax law from the Universidad Panamericana, and a specialized degree on hydrocarbons from ITAM, as well as various courses and graduates, such as his graduate on International Business &amp; Management in Vancouver, on hydrocarbons in the Instituto Mexicano del Petr\u00f3leo, and the Comisi\u00f3n Nacional de Hidrocarburos, as well as many others.<\/p>\n<p>[\/et_pb_text][et_pb_blurb use_icon=&#8221;on&#8221; font_icon=&#8221;&#xe090;||divi||400&#8243; icon_color=&#8221;#F3BC33&#8243; icon_placement=&#8221;left&#8221; _builder_version=&#8221;4.14.9&#8243; _module_preset=&#8221;default&#8221; body_text_color=&#8221;#F3BC33&#8243; global_colors_info=&#8221;{}&#8221;]<\/p>\n<p style=\"text-align: left;\">(+52) 55 3413-4226<\/p>\n<p>[\/et_pb_blurb][et_pb_blurb use_icon=&#8221;on&#8221; font_icon=&#8221;&#xe010;||divi||400&#8243; icon_color=&#8221;#F3BC33&#8243; icon_placement=&#8221;left&#8221; _builder_version=&#8221;4.14.9&#8243; _module_preset=&#8221;default&#8221; global_colors_info=&#8221;{}&#8221;]<\/p>\n<p><a href=\"mailto:ana.herrero@gheyf.com.mx\">david.esquivel@gheyf.com.mx<\/a><a href=\"mailto:ana.herrero@gheyf.com.mx\"><\/a><\/p>\n<p>[\/et_pb_blurb][\/et_pb_column][\/et_pb_row][et_pb_row _builder_version=&#8221;4.14.9&#8243; _module_preset=&#8221;default&#8221; background_enable_color=&#8221;off&#8221; border_color_top=&#8221;#353839&#8243; global_colors_info=&#8221;{}&#8221;][et_pb_column type=&#8221;4_4&#8243; _builder_version=&#8221;4.14.9&#8243; _module_preset=&#8221;default&#8221; global_colors_info=&#8221;{}&#8221;][et_pb_text _builder_version=&#8221;4.14.9&#8243; _module_preset=&#8221;default&#8221; header_text_color=&#8221;#FFFFFF&#8221; global_colors_info=&#8221;{}&#8221;]<\/p>\n<h1 style=\"text-align: center;\">Partners<\/h1>\n<p>[\/et_pb_text][\/et_pb_column][\/et_pb_row][et_pb_row column_structure=&#8221;1_3,1_3,1_3&#8243; _builder_version=&#8221;4.14.9&#8243; _module_preset=&#8221;default&#8221; global_colors_info=&#8221;{}&#8221;][et_pb_column type=&#8221;1_3&#8243; _builder_version=&#8221;4.14.9&#8243; _module_preset=&#8221;default&#8221; global_colors_info=&#8221;{}&#8221;][\/et_pb_column][et_pb_column type=&#8221;1_3&#8243; _builder_version=&#8221;4.14.9&#8243; _module_preset=&#8221;default&#8221; global_colors_info=&#8221;{}&#8221;][et_pb_image src=&#8221;https:\/\/www.gheyf.com.mx\/wp-content\/uploads\/2022\/07\/Sin-titulo-1200-\u00d7-1600-px.jpg&#8221; alt=&#8221;Mario Fuentes&#8221; title_text=&#8221;MF&#8221; url=&#8221;https:\/\/www.gheyf.com.mx\/mario-fuentes\/&#8221; align=&#8221;center&#8221; _builder_version=&#8221;4.14.9&#8243; _module_preset=&#8221;default&#8221; height=&#8221;397px&#8221; filter_saturate=&#8221;0%&#8221; border_width_top=&#8221;4px&#8221; border_color_top=&#8221;#F3BC33&#8243; global_colors_info=&#8221;{}&#8221; filter_saturate__hover_enabled=&#8221;on|hover&#8221; filter_saturate__hover=&#8221;100%&#8221;][\/et_pb_image][et_pb_text _builder_version=&#8221;4.14.9&#8243; _module_preset=&#8221;default&#8221; text_text_color=&#8221;#FFFFFF&#8221; header_2_text_color=&#8221;#F3BC33&#8243; global_colors_info=&#8221;{}&#8221;]<\/p>\n<div class=\"et_pb_module et_pb_text et_pb_text_5  et_pb_text_align_left et_pb_bg_layout_light\">\n<div class=\"et_pb_text_inner\">\n<h2>Mario Fuentes<\/h2>\n<p style=\"text-align: left;\"><a href=\"mailto:ana.herrero@gheyf.com.mx\">mario.fuentes@gheyf.com.mx<\/a><\/p>\n<p style=\"text-align: left;\">(+52) 55 1698-0989<\/p>\n<p style=\"text-align: justify;\"><span style=\"font-weight: 400;\">He\u2019s an expert on the following industries: manufacturing, cement, developing companies, technology, telecommunications, consuming, services,<br \/>the soft drink industry, mining, non-profits. <\/span><\/p>\n<\/div>\n<\/div>\n<p>[\/et_pb_text][\/et_pb_column][et_pb_column type=&#8221;1_3&#8243; _builder_version=&#8221;4.14.9&#8243; _module_preset=&#8221;default&#8221; global_colors_info=&#8221;{}&#8221;][\/et_pb_column][\/et_pb_row][\/et_pb_section]<\/p>","protected":false},"excerpt":{"rendered":"<p>(+52) 55 3413-4226david.esquivel@gheyf.com.mxDavid EsquivelEspecialista en contribuciones fiscales, en industrias extractivas y en atenci\u00f3n de grandes corporativos internacionales. Comenz\u00f3 su carrera profesional en KPMG en 1999, en el \u00e1rea de impuestos y de litigio fiscal, posteriormente en Prodecon donde fungi\u00f3 como director general adjunto en atenci\u00f3n de problemas sist\u00e9micos y reuniones con autoridades fiscales; despu\u00e9s se [&hellip;]<\/p>","protected":false},"author":2,"featured_media":0,"parent":0,"menu_order":0,"comment_status":"closed","ping_status":"closed","template":"","meta":{"_et_pb_use_builder":"on","_et_pb_old_content":"","_et_gb_content_width":"","footnotes":""},"class_list":["post-696","page","type-page","status-publish","hentry"],"yoast_head":"<!-- This site is optimized with the Yoast SEO plugin v27.4 - https:\/\/yoast.com\/product\/yoast-seo-wordpress\/ -->\n<title>DavidEsquivel - gheyf<\/title>\n<meta name=\"robots\" content=\"index, follow, max-snippet:-1, max-image-preview:large, max-video-preview:-1\" \/>\n<link rel=\"canonical\" href=\"https:\/\/www.gheyf.com.mx\/en\/davidesquivel\/\" \/>\n<meta property=\"og:locale\" content=\"en_US\" \/>\n<meta property=\"og:type\" content=\"article\" \/>\n<meta property=\"og:title\" content=\"DavidEsquivel - gheyf\" \/>\n<meta property=\"og:description\" content=\"(+52) 55 3413-4226david.esquivel@gheyf.com.mxDavid EsquivelEspecialista en contribuciones fiscales, en industrias extractivas y en atenci\u00f3n de grandes corporativos internacionales. Comenz\u00f3 su carrera profesional en KPMG en 1999, en el \u00e1rea de impuestos y de litigio fiscal, posteriormente en Prodecon donde fungi\u00f3 como director general adjunto en atenci\u00f3n de problemas sist\u00e9micos y reuniones con autoridades fiscales; despu\u00e9s se [&hellip;]\" \/>\n<meta property=\"og:url\" content=\"https:\/\/www.gheyf.com.mx\/en\/davidesquivel\/\" \/>\n<meta property=\"og:site_name\" content=\"gheyf\" \/>\n<meta property=\"article:modified_time\" content=\"2025-08-05T22:09:00+00:00\" \/>\n<meta name=\"twitter:card\" content=\"summary_large_image\" \/>\n<meta name=\"twitter:label1\" content=\"Est. reading time\" \/>\n\t<meta name=\"twitter:data1\" content=\"7 minutes\" \/>\n<script type=\"application\/ld+json\" class=\"yoast-schema-graph\">{\"@context\":\"https:\\\/\\\/schema.org\",\"@graph\":[{\"@type\":\"WebPage\",\"@id\":\"https:\\\/\\\/www.gheyf.com.mx\\\/davidesquivel\\\/\",\"url\":\"https:\\\/\\\/www.gheyf.com.mx\\\/davidesquivel\\\/\",\"name\":\"DavidEsquivel - gheyf\",\"isPartOf\":{\"@id\":\"https:\\\/\\\/www.gheyf.com.mx\\\/#website\"},\"datePublished\":\"2022-05-24T23:14:02+00:00\",\"dateModified\":\"2025-08-05T22:09:00+00:00\",\"breadcrumb\":{\"@id\":\"https:\\\/\\\/www.gheyf.com.mx\\\/davidesquivel\\\/#breadcrumb\"},\"inLanguage\":\"en-US\",\"potentialAction\":[{\"@type\":\"ReadAction\",\"target\":[\"https:\\\/\\\/www.gheyf.com.mx\\\/davidesquivel\\\/\"]}]},{\"@type\":\"BreadcrumbList\",\"@id\":\"https:\\\/\\\/www.gheyf.com.mx\\\/davidesquivel\\\/#breadcrumb\",\"itemListElement\":[{\"@type\":\"ListItem\",\"position\":1,\"name\":\"Home\",\"item\":\"https:\\\/\\\/www.gheyf.com.mx\\\/\"},{\"@type\":\"ListItem\",\"position\":2,\"name\":\"DavidEsquivel\"}]},{\"@type\":\"WebSite\",\"@id\":\"https:\\\/\\\/www.gheyf.com.mx\\\/#website\",\"url\":\"https:\\\/\\\/www.gheyf.com.mx\\\/\",\"name\":\"gheyf\",\"description\":\"gheyf\",\"publisher\":{\"@id\":\"https:\\\/\\\/www.gheyf.com.mx\\\/#organization\"},\"potentialAction\":[{\"@type\":\"SearchAction\",\"target\":{\"@type\":\"EntryPoint\",\"urlTemplate\":\"https:\\\/\\\/www.gheyf.com.mx\\\/?s={search_term_string}\"},\"query-input\":{\"@type\":\"PropertyValueSpecification\",\"valueRequired\":true,\"valueName\":\"search_term_string\"}}],\"inLanguage\":\"en-US\"},{\"@type\":\"Organization\",\"@id\":\"https:\\\/\\\/www.gheyf.com.mx\\\/#organization\",\"name\":\"Global HEYF\",\"url\":\"https:\\\/\\\/www.gheyf.com.mx\\\/\",\"logo\":{\"@type\":\"ImageObject\",\"inLanguage\":\"en-US\",\"@id\":\"https:\\\/\\\/www.gheyf.com.mx\\\/#\\\/schema\\\/logo\\\/image\\\/\",\"url\":\"https:\\\/\\\/www.gheyf.com.mx\\\/wp-content\\\/uploads\\\/2022\\\/05\\\/Copia-de-GHEYF1.png\",\"contentUrl\":\"https:\\\/\\\/www.gheyf.com.mx\\\/wp-content\\\/uploads\\\/2022\\\/05\\\/Copia-de-GHEYF1.png\",\"width\":1500,\"height\":1500,\"caption\":\"Global HEYF\"},\"image\":{\"@id\":\"https:\\\/\\\/www.gheyf.com.mx\\\/#\\\/schema\\\/logo\\\/image\\\/\"}}]}<\/script>\n<!-- \/ Yoast SEO plugin. -->","yoast_head_json":{"title":"DavidEsquivel - gheyf","robots":{"index":"index","follow":"follow","max-snippet":"max-snippet:-1","max-image-preview":"max-image-preview:large","max-video-preview":"max-video-preview:-1"},"canonical":"https:\/\/www.gheyf.com.mx\/en\/davidesquivel\/","og_locale":"en_US","og_type":"article","og_title":"DavidEsquivel - gheyf","og_description":"(+52) 55 3413-4226david.esquivel@gheyf.com.mxDavid EsquivelEspecialista en contribuciones fiscales, en industrias extractivas y en atenci\u00f3n de grandes corporativos internacionales. Comenz\u00f3 su carrera profesional en KPMG en 1999, en el \u00e1rea de impuestos y de litigio fiscal, posteriormente en Prodecon donde fungi\u00f3 como director general adjunto en atenci\u00f3n de problemas sist\u00e9micos y reuniones con autoridades fiscales; despu\u00e9s se [&hellip;]","og_url":"https:\/\/www.gheyf.com.mx\/en\/davidesquivel\/","og_site_name":"gheyf","article_modified_time":"2025-08-05T22:09:00+00:00","twitter_card":"summary_large_image","twitter_misc":{"Est. reading time":"7 minutes"},"schema":{"@context":"https:\/\/schema.org","@graph":[{"@type":"WebPage","@id":"https:\/\/www.gheyf.com.mx\/davidesquivel\/","url":"https:\/\/www.gheyf.com.mx\/davidesquivel\/","name":"DavidEsquivel - gheyf","isPartOf":{"@id":"https:\/\/www.gheyf.com.mx\/#website"},"datePublished":"2022-05-24T23:14:02+00:00","dateModified":"2025-08-05T22:09:00+00:00","breadcrumb":{"@id":"https:\/\/www.gheyf.com.mx\/davidesquivel\/#breadcrumb"},"inLanguage":"en-US","potentialAction":[{"@type":"ReadAction","target":["https:\/\/www.gheyf.com.mx\/davidesquivel\/"]}]},{"@type":"BreadcrumbList","@id":"https:\/\/www.gheyf.com.mx\/davidesquivel\/#breadcrumb","itemListElement":[{"@type":"ListItem","position":1,"name":"Home","item":"https:\/\/www.gheyf.com.mx\/"},{"@type":"ListItem","position":2,"name":"DavidEsquivel"}]},{"@type":"WebSite","@id":"https:\/\/www.gheyf.com.mx\/#website","url":"https:\/\/www.gheyf.com.mx\/","name":"gheyf","description":"gheyf","publisher":{"@id":"https:\/\/www.gheyf.com.mx\/#organization"},"potentialAction":[{"@type":"SearchAction","target":{"@type":"EntryPoint","urlTemplate":"https:\/\/www.gheyf.com.mx\/?s={search_term_string}"},"query-input":{"@type":"PropertyValueSpecification","valueRequired":true,"valueName":"search_term_string"}}],"inLanguage":"en-US"},{"@type":"Organization","@id":"https:\/\/www.gheyf.com.mx\/#organization","name":"Global HEYF","url":"https:\/\/www.gheyf.com.mx\/","logo":{"@type":"ImageObject","inLanguage":"en-US","@id":"https:\/\/www.gheyf.com.mx\/#\/schema\/logo\/image\/","url":"https:\/\/www.gheyf.com.mx\/wp-content\/uploads\/2022\/05\/Copia-de-GHEYF1.png","contentUrl":"https:\/\/www.gheyf.com.mx\/wp-content\/uploads\/2022\/05\/Copia-de-GHEYF1.png","width":1500,"height":1500,"caption":"Global HEYF"},"image":{"@id":"https:\/\/www.gheyf.com.mx\/#\/schema\/logo\/image\/"}}]}},"_links":{"self":[{"href":"https:\/\/www.gheyf.com.mx\/en\/wp-json\/wp\/v2\/pages\/696","targetHints":{"allow":["GET"]}}],"collection":[{"href":"https:\/\/www.gheyf.com.mx\/en\/wp-json\/wp\/v2\/pages"}],"about":[{"href":"https:\/\/www.gheyf.com.mx\/en\/wp-json\/wp\/v2\/types\/page"}],"author":[{"embeddable":true,"href":"https:\/\/www.gheyf.com.mx\/en\/wp-json\/wp\/v2\/users\/2"}],"replies":[{"embeddable":true,"href":"https:\/\/www.gheyf.com.mx\/en\/wp-json\/wp\/v2\/comments?post=696"}],"version-history":[{"count":9,"href":"https:\/\/www.gheyf.com.mx\/en\/wp-json\/wp\/v2\/pages\/696\/revisions"}],"predecessor-version":[{"id":1220,"href":"https:\/\/www.gheyf.com.mx\/en\/wp-json\/wp\/v2\/pages\/696\/revisions\/1220"}],"wp:attachment":[{"href":"https:\/\/www.gheyf.com.mx\/en\/wp-json\/wp\/v2\/media?parent=696"}],"curies":[{"name":"wp","href":"https:\/\/api.w.org\/{rel}","templated":true}]}}